{"id":1460,"date":"2024-05-09T13:38:52","date_gmt":"2024-05-09T12:38:52","guid":{"rendered":"https:\/\/www.clinicapolar.es\/politica-de-privacidad\/"},"modified":"2024-08-06T11:35:35","modified_gmt":"2024-08-06T10:35:35","slug":"politica-de-privacidad","status":"publish","type":"page","link":"https:\/\/www.clinicapolar.es\/es\/politica-de-privacidad\/","title":{"rendered":"Pol\u00edtica de privacidad"},"content":{"rendered":"\t\t<div data-elementor-type=\"wp-page\" data-elementor-id=\"1460\" class=\"elementor elementor-1460 elementor-3\" data-elementor-post-type=\"page\">\n\t\t\t\t<div class=\"elementor-element elementor-element-14e8474 e-flex e-con-boxed e-con e-parent\" data-id=\"14e8474\" data-element_type=\"container\" data-e-type=\"container\" data-settings=\"{&quot;jet_parallax_layout_list&quot;:[]}\">\n\t\t\t\t\t<div class=\"e-con-inner\">\n\t\t\t\t<div class=\"elementor-element elementor-element-0d529b1 elementor-widget elementor-widget-heading\" data-id=\"0d529b1\" data-element_type=\"widget\" data-e-type=\"widget\" data-widget_type=\"heading.default\">\n\t\t\t\t\t<h1 class=\"elementor-heading-title elementor-size-default\">Centro M\u00e9dico Autorizado Reg. Sanitario N\u00ba 8580 <\/h1>\t\t\t\t<\/div>\n\t\t\t\t\t<\/div>\n\t\t\t\t<\/div>\n\t\t<div class=\"elementor-element elementor-element-cc0b445 e-flex e-con-boxed e-con e-parent\" data-id=\"cc0b445\" data-element_type=\"container\" data-e-type=\"container\" id=\"privacy\" data-settings=\"{&quot;jet_parallax_layout_list&quot;:[]}\">\n\t\t\t\t\t<div class=\"e-con-inner\">\n\t\t\t\t<div class=\"elementor-element elementor-element-d1daa82 elementor-widget elementor-widget-heading\" data-id=\"d1daa82\" data-element_type=\"widget\" data-e-type=\"widget\" data-widget_type=\"heading.default\">\n\t\t\t\t\t<h2 class=\"elementor-heading-title elementor-size-default\">Pol\u00edtica de privacidad<\/h2>\t\t\t\t<\/div>\n\t\t\t\t<div class=\"elementor-element elementor-element-d0a19b7 elementor-widget elementor-widget-text-editor\" data-id=\"d0a19b7\" data-element_type=\"widget\" data-e-type=\"widget\" data-widget_type=\"text-editor.default\">\n\t\t\t\t\t\t\t\t\t<header class=\"entry-header\"><\/header>\n<div id=\"primary\" class=\"content-area\">\n<div id=\"post-3\" class=\"post-3 page type-page status-publish hentry\">\n<div class=\"entry-content\">\n<p>\u00daltima actualizaci\u00f3n 31-Jul-2023<br \/>Fecha de entrada en vigor 31-Jul-2023<\/p>\n<p>Esta Pol\u00edtica de Privacidad describe las pol\u00edticas de MI. BI. Products S.L., Avenida de Tiranaja, 37, Las Palmas de Gran Canaria 35100, Espa\u00f1a, email: centropolar1@gmail.com, tel\u00e9fono: +34 928 207 109 sobre la recopilaci\u00f3n, uso y divulgaci\u00f3n de su informaci\u00f3n que recopilamos cuando utiliza nuestro sitio web ( clinicapolar.es). (el \u201cServicio\u201d). Al acceder o utilizar el Servicio, usted consiente la recogida, uso y divulgaci\u00f3n de su informaci\u00f3n de acuerdo con esta Pol\u00edtica de Privacidad. Si no consiente en lo mismo, le rogamos que no acceda ni utilice el Servicio.<br \/>Podemos modificar esta Pol\u00edtica de Privacidad en cualquier momento sin previo aviso y publicaremos la Pol\u00edtica de Privacidad revisada en el Servicio. La Pol\u00edtica revisada entrar\u00e1 en vigor a los 180 d\u00edas de su publicaci\u00f3n en el Servicio y su acceso o uso continuado del Servicio despu\u00e9s de dicho plazo constituir\u00e1 su aceptaci\u00f3n de la Pol\u00edtica de Privacidad revisada. Por lo tanto, le recomendamos que revise peri\u00f3dicamente esta p\u00e1gina.       <\/p>\n<p>Informaci\u00f3n que recopilamos:<br \/>Recopilaremos y procesaremos la siguiente informaci\u00f3n personal sobre usted:<\/p>\n<p>Nombre<br \/>Correo electr\u00f3nico<br \/>M\u00f3vil<br \/>Perfil en redes sociales<br \/>Fecha de nacimiento<br \/>Direcci\u00f3n<br \/>Direcci\u00f3n de trabajo<br \/>Informaci\u00f3n de pago<\/p>\n<p>C\u00f3mo recopilamos su informaci\u00f3n:<br \/>Recogemos\/recibimos informaci\u00f3n sobre usted de la siguiente manera:<\/p>\n<p>Cuando un usuario rellena el formulario de registro o env\u00eda informaci\u00f3n personal de otro modo<br \/>Interact\u00faa con el sitio web<br \/>De fuentes p\u00fablicas<\/p>\n<p>C\u00f3mo utilizamos su informaci\u00f3n:<br \/>Utilizaremos la informaci\u00f3n que recopilemos sobre usted para los siguientes fines:<\/p>\n<p>Marketing\/ Promoci\u00f3n<br \/>Creaci\u00f3n de cuenta de usuario<br \/>Testimonios<br \/>Recogida de opiniones de clientes<br \/>Procesamiento de pagos<br \/>Soporte<br \/>Informaci\u00f3n administrativa<br \/>Publicidad dirigida<br \/>Gesti\u00f3n de pedidos de clientes<br \/>Protecci\u00f3n del sitio<br \/>Resoluci\u00f3n de conflictos<br \/>Gesti\u00f3n de la cuenta de usuario<br \/>Si queremos utilizar su informaci\u00f3n para cualquier otro prop\u00f3sito, le pediremos su consentimiento y utilizaremos su informaci\u00f3n s\u00f3lo al recibir su consentimiento y, a continuaci\u00f3n, s\u00f3lo para el prop\u00f3sito (s) para el que conceder el consentimiento a menos que estemos obligados a hacer lo contrario por ley.<\/p>\n<p>C\u00f3mo compartimos su informaci\u00f3n:<br \/>No transferiremos su informaci\u00f3n personal a ning\u00fan tercero sin solicitar su consentimiento, excepto en las circunstancias limitadas que se describen a continuaci\u00f3n:<\/p>\n<p>Servicio de anuncios<br \/>Agencias de marketing<br \/>Anal\u00edtica<br \/>Servicios de recuperaci\u00f3n de pagos<br \/>Exigimos a dichos terceros que utilicen la informaci\u00f3n personal que les transferimos \u00fanicamente para el fin para el que fue transferida y que no la conserven durante m\u00e1s tiempo del necesario para cumplir dicho fin.<br \/>Tambi\u00e9n podemos revelar su informaci\u00f3n personal para lo siguiente (1) para cumplir con la legislaci\u00f3n aplicable, reglamentos, \u00f3rdenes judiciales u otros procesos legales; (2) para hacer cumplir sus acuerdos con nosotros, incluyendo esta Pol\u00edtica de Privacidad; o (3) para responder a reclamaciones de que su uso del Servicio viola cualquier derecho de terceros. Si el Servicio o nuestra empresa se fusionan o adquieren con otra empresa, su informaci\u00f3n ser\u00e1 uno de los activos que se transfieran al nuevo propietario. <\/p>\n<p>Conservaci\u00f3n de su informaci\u00f3n:<br \/>Conservaremos su informaci\u00f3n personal con nosotros entre 90 d\u00edas y 2 a\u00f1os despu\u00e9s de que los usuarios den de baja sus cuentas o durante el tiempo que la necesitemos para cumplir los fines para los que fue recopilada, tal y como se detalla en esta Pol\u00edtica de privacidad. Es posible que necesitemos retener cierta informaci\u00f3n durante per\u00edodos m\u00e1s largos, como el mantenimiento de registros \/ informes de conformidad con la legislaci\u00f3n aplicable o por otras razones leg\u00edtimas como el cumplimiento de los derechos legales, la prevenci\u00f3n del fraude, etc. La informaci\u00f3n an\u00f3nima residual y la informaci\u00f3n agregada, ninguna de las cuales le identifica (directa o indirectamente), pueden almacenarse indefinidamente.  <\/p>\n<p>Sus derechos:<br \/>Dependiendo de la legislaci\u00f3n aplicable, usted puede tener derecho a acceder y rectificar o borrar sus datos personales o recibir una copia de los mismos, restringir u oponerse al tratamiento activo de sus datos, solicitarnos que compartamos (portemos) su informaci\u00f3n personal a otra entidad, retirar cualquier consentimiento que nos haya proporcionado para el tratamiento de sus datos, derecho a presentar una reclamaci\u00f3n ante una autoridad legal y otros derechos que puedan ser pertinentes en virtud de la legislaci\u00f3n aplicable. Para ejercer estos derechos, puede escribirnos a administracion@centropolar.clinic. Responderemos a su solicitud de conformidad con la legislaci\u00f3n aplicable.<br \/>Puede darse de baja de las comunicaciones de marketing directo o de la elaboraci\u00f3n de perfiles que llevamos a cabo con fines de marketing escribi\u00e9ndonos a administracion@centropolar.clinic.<br \/>Tenga en cuenta que si no nos permite recopilar o procesar la informaci\u00f3n personal requerida o retira el consentimiento para procesar la misma para los fines requeridos, es posible que no pueda acceder o utilizar los servicios para los que se solicit\u00f3 su informaci\u00f3n.  <\/p>\n<p>Cookies, etc.<br \/>Para obtener m\u00e1s informaci\u00f3n sobre c\u00f3mo las utilizamos y sus opciones en relaci\u00f3n con estas tecnolog\u00edas de seguimiento, consulte nuestra Pol\u00edtica de cookies.<\/p>\n<p>Seguridad:<br \/>La seguridad de su informaci\u00f3n es importante para nosotros y utilizaremos medidas de seguridad razonables para evitar la p\u00e9rdida, mal uso o alteraci\u00f3n no autorizada de su informaci\u00f3n bajo nuestro control. Sin embargo, dados los riesgos inherentes, no podemos garantizar una seguridad absoluta y, en consecuencia, no podemos asegurar o garantizar la seguridad de cualquier informaci\u00f3n que nos transmita y usted lo hace bajo su propio riesgo. <\/p>\n<p>Responsable de quejas y protecci\u00f3n de datos:<br \/>Si tiene alguna pregunta o duda sobre el tratamiento de la informaci\u00f3n de que dispone con nosotros, puede enviar un correo electr\u00f3nico a nuestro Responsable de Quejas a MI. BI. Products S.L., Avenida de Tiranaja, 37, correo electr\u00f3nico: administracion@centropolar.clinic. Atenderemos sus inquietudes de conformidad con la legislaci\u00f3n aplicable.   <\/p>\n<\/div>\n<\/div>\n<\/div>\n\t\t\t\t\t\t\t\t<\/div>\n\t\t\t\t\t<\/div>\n\t\t\t\t<\/div>\n\t\t<div class=\"elementor-element elementor-element-488ed5a e-flex e-con-boxed e-con e-parent\" data-id=\"488ed5a\" data-element_type=\"container\" data-e-type=\"container\" id=\"cookies\" data-settings=\"{&quot;jet_parallax_layout_list&quot;:[]}\">\n\t\t\t\t\t<div class=\"e-con-inner\">\n\t\t\t\t<div class=\"elementor-element elementor-element-1e226f3 elementor-widget elementor-widget-heading\" data-id=\"1e226f3\" data-element_type=\"widget\" data-e-type=\"widget\" data-widget_type=\"heading.default\">\n\t\t\t\t\t<h2 class=\"elementor-heading-title elementor-size-default\">Pol\u00edtica de cookies<\/h2>\t\t\t\t<\/div>\n\t\t\t\t<div class=\"elementor-element elementor-element-4a567c2 elementor-widget elementor-widget-text-editor\" data-id=\"4a567c2\" data-element_type=\"widget\" data-e-type=\"widget\" data-widget_type=\"text-editor.default\">\n\t\t\t\t\t\t\t\t\t<header class=\"entry-header\"><\/header>\n<div id=\"primary\" class=\"content-area\">\n<div id=\"post-3\" class=\"post-3 page type-page status-publish hentry\">\n<div class=\"entry-content\">\n<p>\u00daltima actualizaci\u00f3n 31-Jul-2023<br \/>Fecha de entrada en vigor 31-Jul-2023<\/p>\n<p>Esta Pol\u00edtica de Privacidad describe las pol\u00edticas de MI. BI. Products S.L., Avenida de Tiranaja, 37, Las Palmas de Gran Canaria 35100, Espa\u00f1a, email: centropolar1@gmail.com, tel\u00e9fono: +34 928 207 109 sobre la recopilaci\u00f3n, uso y divulgaci\u00f3n de su informaci\u00f3n que recopilamos cuando utiliza nuestro sitio web ( clinicapolar.es ). (el \u201cServicio\u201d). Al acceder o utilizar el Servicio, usted consiente la recogida, uso y divulgaci\u00f3n de su informaci\u00f3n de acuerdo con esta Pol\u00edtica de Privacidad. Si no consiente en lo mismo, le rogamos que no acceda ni utilice el Servicio.<br \/>Podemos modificar esta Pol\u00edtica de Privacidad en cualquier momento sin previo aviso y publicaremos la Pol\u00edtica de Privacidad revisada en el Servicio. La Pol\u00edtica revisada entrar\u00e1 en vigor a los 180 d\u00edas de su publicaci\u00f3n en el Servicio y su acceso o uso continuado del Servicio despu\u00e9s de dicho plazo constituir\u00e1 su aceptaci\u00f3n de la Pol\u00edtica de Privacidad revisada. Por lo tanto, le recomendamos que revise peri\u00f3dicamente esta p\u00e1gina.       <\/p>\n<p>Informaci\u00f3n que recopilamos:<br \/>Recopilaremos y procesaremos la siguiente informaci\u00f3n personal sobre usted:<\/p>\n<p>Nombre<br \/>Correo electr\u00f3nico<br \/>M\u00f3vil<br \/>Perfil en redes sociales<br \/>Fecha de nacimiento<br \/>Direcci\u00f3n<br \/>Direcci\u00f3n de trabajo<br \/>Informaci\u00f3n de pago<\/p>\n<p>C\u00f3mo recopilamos su informaci\u00f3n:<br \/>Recogemos\/recibimos informaci\u00f3n sobre usted de la siguiente manera:<\/p>\n<p>Cuando un usuario rellena el formulario de registro o env\u00eda informaci\u00f3n personal de otro modo<br \/>Interact\u00faa con el sitio web<br \/>De fuentes p\u00fablicas<\/p>\n<p>C\u00f3mo utilizamos su informaci\u00f3n:<br \/>Utilizaremos la informaci\u00f3n que recopilemos sobre usted para los siguientes fines:<\/p>\n<p>Marketing\/ Promoci\u00f3n<br \/>Creaci\u00f3n de cuenta de usuario<br \/>Testimonios<br \/>Recogida de opiniones de clientes<br \/>Procesamiento de pagos<br \/>Soporte<br \/>Informaci\u00f3n administrativa<br \/>Publicidad dirigida<br \/>Gesti\u00f3n de pedidos de clientes<br \/>Protecci\u00f3n del sitio<br \/>Resoluci\u00f3n de conflictos<br \/>Gesti\u00f3n de la cuenta de usuario<br \/>Si queremos utilizar su informaci\u00f3n para cualquier otro prop\u00f3sito, le pediremos su consentimiento y utilizaremos su informaci\u00f3n \u00fanicamente al recibir su consentimiento y, a continuaci\u00f3n, solo para el prop\u00f3sito (s) para el que conceder el consentimiento a menos que estemos obligados a hacer lo contrario por ley.<\/p>\n<p>C\u00f3mo compartimos su informaci\u00f3n:<br \/>No transferiremos su informaci\u00f3n personal a ning\u00fan tercero sin solicitar su consentimiento, excepto en las circunstancias limitadas que se describen a continuaci\u00f3n:<\/p>\n<p>Servicio de anuncios<br \/>Agencias de marketing<br \/>Anal\u00edtica<br \/>Servicios de recuperaci\u00f3n de pagos<br \/>Exigimos a dichos terceros que utilicen la informaci\u00f3n personal que les transferimos \u00fanicamente para el fin para el que fue transferida y que no la conserven durante m\u00e1s tiempo del necesario para cumplir dicho fin.<br \/>Tambi\u00e9n podemos revelar su informaci\u00f3n personal para lo siguiente (1) para cumplir con la legislaci\u00f3n aplicable, reglamentos, \u00f3rdenes judiciales u otros procesos legales; (2) para hacer cumplir sus acuerdos con nosotros, incluyendo esta Pol\u00edtica de Privacidad; o (3) para responder a reclamaciones de que su uso del Servicio viola cualquier derecho de terceros. Si el Servicio o nuestra empresa se fusionan o adquieren con otra empresa, su informaci\u00f3n ser\u00e1 uno de los activos que se transfieran al nuevo propietario. <\/p>\n<p>Conservaci\u00f3n de su informaci\u00f3n:<br \/>Conservaremos su informaci\u00f3n personal con nosotros entre 90 d\u00edas y 2 a\u00f1os despu\u00e9s de que los usuarios den de baja sus cuentas o durante el tiempo que la necesitemos para cumplir los fines para los que fue recopilada, tal y como se detalla en esta Pol\u00edtica de privacidad. Es posible que necesitemos retener cierta informaci\u00f3n durante per\u00edodos m\u00e1s largos, como el mantenimiento de registros \/ informes de conformidad con la legislaci\u00f3n aplicable o por otras razones leg\u00edtimas como el cumplimiento de los derechos legales, la prevenci\u00f3n del fraude, etc. La informaci\u00f3n an\u00f3nima residual y la informaci\u00f3n agregada, ninguna de las cuales le identifica (directa o indirectamente), pueden almacenarse indefinidamente.  <\/p>\n<p>Sus derechos:<br \/>Dependiendo de la legislaci\u00f3n aplicable, usted puede tener derecho a acceder y rectificar o borrar sus datos personales o recibir una copia de los mismos, restringir u oponerse al tratamiento activo de sus datos, solicitarnos que compartamos (portemos) su informaci\u00f3n personal a otra entidad, retirar cualquier consentimiento que nos haya proporcionado para el tratamiento de sus datos, derecho a presentar una reclamaci\u00f3n ante una autoridad legal y otros derechos que puedan ser pertinentes en virtud de la legislaci\u00f3n aplicable. Para ejercer estos derechos, puede escribirnos a <a target=\"_new\" rel=\"noreferrer\">info@clinicapolar.es<\/a>. Responderemos a su solicitud de conformidad con la legislaci\u00f3n aplicable.<br \/>Puede darse de baja de las comunicaciones de marketing directo o de la elaboraci\u00f3n de perfiles que llevamos a cabo con fines de marketing escribi\u00e9ndonos a <a target=\"_new\" rel=\"noreferrer\">info@clinicapolar.es<\/a>.<br \/>Tenga en cuenta que si no nos permite recopilar o procesar la informaci\u00f3n personal requerida o retira el consentimiento para procesar la misma para los fines requeridos, es posible que no pueda acceder o utilizar los servicios para los que se solicit\u00f3 su informaci\u00f3n.  <\/p>\n<p>Cookies, etc.<br \/>Para obtener m\u00e1s informaci\u00f3n sobre c\u00f3mo las utilizamos y sus opciones en relaci\u00f3n con estas tecnolog\u00edas de seguimiento, consulte nuestra Pol\u00edtica de cookies.<\/p>\n<p>SEGURIDAD:<br \/>La seguridad de su informaci\u00f3n es importante para nosotros y utilizaremos medidas de seguridad razonables para evitar la p\u00e9rdida, mal uso o alteraci\u00f3n no autorizada de su informaci\u00f3n bajo nuestro control. Sin embargo, dados los riesgos inherentes, no podemos garantizar una seguridad absoluta y, en consecuencia, no podemos asegurar o garantizar la seguridad de cualquier informaci\u00f3n que nos transmita y usted lo hace bajo su propio riesgo. <\/p>\n<p>RESPONSABLE DE QUEJAS \/ PROTECCI\u00d3N DE DATOS:<br \/>Si tiene alguna duda o preocupaci\u00f3n sobre el tratamiento de la informaci\u00f3n de que dispone con nosotros, puede enviar un correo electr\u00f3nico a nuestro Responsable de Quejas a MI. BI. Products S.L., Avenida de Tiranaja, 37, correo electr\u00f3nico: <a target=\"_new\" rel=\"noreferrer\">info@clinicapolar.es<\/a>. Atenderemos sus inquietudes de conformidad con la legislaci\u00f3n aplicable.   <\/p>\n<\/div>\n<\/div>\n<\/div>\n\t\t\t\t\t\t\t\t<\/div>\n\t\t\t\t\t<\/div>\n\t\t\t\t<\/div>\n\t\t\t\t<\/div>\n\t\t","protected":false},"excerpt":{"rendered":"<p>Centro M\u00e9dico Autorizado Reg. Sanitario N\u00ba 8580 Pol\u00edtica de privacidad \u00daltima actualizaci\u00f3n 31-Jul-2023Fecha de entrada en vigor 31-Jul-2023 Esta Pol\u00edtica de Privacidad describe las pol\u00edticas de MI. BI. Products S.L., Avenida de Tiranaja, 37, Las Palmas de Gran Canaria 35100, Espa\u00f1a, email: centropolar1@gmail.com, tel\u00e9fono: +34 928 207 109 sobre la recopilaci\u00f3n, uso y divulgaci\u00f3n de [&hellip;]<\/p>\n","protected":false},"author":1,"featured_media":0,"parent":0,"menu_order":0,"comment_status":"closed","ping_status":"open","template":"elementor_header_footer","meta":{"footnotes":""},"class_list":["post-1460","page","type-page","status-publish","hentry"],"_links":{"self":[{"href":"https:\/\/www.clinicapolar.es\/es\/wp-json\/wp\/v2\/pages\/1460","targetHints":{"allow":["GET"]}}],"collection":[{"href":"https:\/\/www.clinicapolar.es\/es\/wp-json\/wp\/v2\/pages"}],"about":[{"href":"https:\/\/www.clinicapolar.es\/es\/wp-json\/wp\/v2\/types\/page"}],"author":[{"embeddable":true,"href":"https:\/\/www.clinicapolar.es\/es\/wp-json\/wp\/v2\/users\/1"}],"replies":[{"embeddable":true,"href":"https:\/\/www.clinicapolar.es\/es\/wp-json\/wp\/v2\/comments?post=1460"}],"version-history":[{"count":0,"href":"https:\/\/www.clinicapolar.es\/es\/wp-json\/wp\/v2\/pages\/1460\/revisions"}],"wp:attachment":[{"href":"https:\/\/www.clinicapolar.es\/es\/wp-json\/wp\/v2\/media?parent=1460"}],"curies":[{"name":"wp","href":"https:\/\/api.w.org\/{rel}","templated":true}]}}