{"id":1520,"date":"2024-06-25T12:48:41","date_gmt":"2024-06-25T11:48:41","guid":{"rendered":"https:\/\/www.clinicapolar.es\/product\/microneedling-cocktel-de-vitamina-c\/"},"modified":"2025-01-16T17:27:46","modified_gmt":"2025-01-16T17:27:46","slug":"microneedling-cocktel-de-vitamina-c","status":"publish","type":"product","link":"https:\/\/www.clinicapolar.es\/es\/producto\/microneedling-cocktel-de-vitamina-c\/","title":{"rendered":"Microneedling"},"content":{"rendered":"","protected":false},"excerpt":{"rendered":"<p>\u00a1Consigue una piel radiante con nuestro tratamiento de microneedling y c\u00f3cteles de vitamina C! Este tratamiento utiliza peque\u00f1as agujas para estimular la producci\u00f3n de col\u00e1geno y elastina en la piel, reduciendo la apariencia de arrugas y l\u00edneas finas, mejorando la textura y el tono de la piel, y reduciendo la apariencia de cicatrices y manchas oscuras. Nuestros c\u00f3cteles de vitamina C contienen una variedad de antioxidantes y nutrientes para proteger tu piel de los da\u00f1os causados por los radicales libres. Combina ambos tratamientos para obtener los m\u00e1ximos beneficios y una piel saludable y radiante. \u00a1Aprovecha nuestro descuento en nuestro sitio web ahora!<\/p>\n","protected":false},"featured_media":1677,"comment_status":"open","ping_status":"closed","template":"","meta":[],"product_brand":[],"product_cat":[100],"product_tag":[],"class_list":{"0":"post-1520","1":"product","2":"type-product","3":"status-publish","4":"has-post-thumbnail","6":"product_cat-tratamientos-faciales","8":"first","9":"instock","10":"virtual","11":"purchasable","12":"product-type-simple"},"_links":{"self":[{"href":"https:\/\/www.clinicapolar.es\/es\/wp-json\/wp\/v2\/product\/1520","targetHints":{"allow":["GET"]}}],"collection":[{"href":"https:\/\/www.clinicapolar.es\/es\/wp-json\/wp\/v2\/product"}],"about":[{"href":"https:\/\/www.clinicapolar.es\/es\/wp-json\/wp\/v2\/types\/product"}],"replies":[{"embeddable":true,"href":"https:\/\/www.clinicapolar.es\/es\/wp-json\/wp\/v2\/comments?post=1520"}],"wp:featuredmedia":[{"embeddable":true,"href":"https:\/\/www.clinicapolar.es\/es\/wp-json\/wp\/v2\/media\/1677"}],"wp:attachment":[{"href":"https:\/\/www.clinicapolar.es\/es\/wp-json\/wp\/v2\/media?parent=1520"}],"wp:term":[{"taxonomy":"product_brand","embeddable":true,"href":"https:\/\/www.clinicapolar.es\/es\/wp-json\/wp\/v2\/product_brand?post=1520"},{"taxonomy":"product_cat","embeddable":true,"href":"https:\/\/www.clinicapolar.es\/es\/wp-json\/wp\/v2\/product_cat?post=1520"},{"taxonomy":"product_tag","embeddable":true,"href":"https:\/\/www.clinicapolar.es\/es\/wp-json\/wp\/v2\/product_tag?post=1520"}],"curies":[{"name":"wp","href":"https:\/\/api.w.org\/{rel}","templated":true}]}}