{"id":1521,"date":"2024-06-25T12:48:40","date_gmt":"2024-06-25T11:48:40","guid":{"rendered":"https:\/\/www.clinicapolar.es\/product\/remodelacion-corporal-eficaz-con-sculptor-pro-m10\/"},"modified":"2025-08-21T15:16:29","modified_gmt":"2025-08-21T14:16:29","slug":"remodelacion-corporal-eficaz-con-sculptor-pro-m10","status":"publish","type":"product","link":"https:\/\/www.clinicapolar.es\/es\/producto\/remodelacion-corporal-eficaz-con-sculptor-pro-m10\/","title":{"rendered":"Remodelaci\u00f3n corporal eficaz con Sculptor Pro M10"},"content":{"rendered":"","protected":false},"excerpt":{"rendered":"<p>El Sculptor Pro M10 es un dispositivo revolucionario que utiliza ondas electromagn\u00e9ticas de alta intensidad para remodelar y tonificar el cuerpo de forma no invasiva y sin esfuerzo. Su tecnolog\u00eda de \u00faltima generaci\u00f3n permite trabajar en diferentes \u00e1reas del cuerpo, obteniendo resultados sorprendentes en poco tiempo. \u00a1Descubre c\u00f3mo este tratamiento puede cambiar tu vida y mejorar tu autoestima!   <\/p>\n","protected":false},"featured_media":1677,"comment_status":"closed","ping_status":"closed","template":"","meta":[],"product_brand":[],"product_cat":[98],"product_tag":[],"class_list":{"0":"post-1521","1":"product","2":"type-product","3":"status-publish","4":"has-post-thumbnail","6":"product_cat-tratamientos-corporales","8":"first","9":"instock","10":"virtual","11":"purchasable","12":"product-type-simple"},"_links":{"self":[{"href":"https:\/\/www.clinicapolar.es\/es\/wp-json\/wp\/v2\/product\/1521","targetHints":{"allow":["GET"]}}],"collection":[{"href":"https:\/\/www.clinicapolar.es\/es\/wp-json\/wp\/v2\/product"}],"about":[{"href":"https:\/\/www.clinicapolar.es\/es\/wp-json\/wp\/v2\/types\/product"}],"replies":[{"embeddable":true,"href":"https:\/\/www.clinicapolar.es\/es\/wp-json\/wp\/v2\/comments?post=1521"}],"wp:featuredmedia":[{"embeddable":true,"href":"https:\/\/www.clinicapolar.es\/es\/wp-json\/wp\/v2\/media\/1677"}],"wp:attachment":[{"href":"https:\/\/www.clinicapolar.es\/es\/wp-json\/wp\/v2\/media?parent=1521"}],"wp:term":[{"taxonomy":"product_brand","embeddable":true,"href":"https:\/\/www.clinicapolar.es\/es\/wp-json\/wp\/v2\/product_brand?post=1521"},{"taxonomy":"product_cat","embeddable":true,"href":"https:\/\/www.clinicapolar.es\/es\/wp-json\/wp\/v2\/product_cat?post=1521"},{"taxonomy":"product_tag","embeddable":true,"href":"https:\/\/www.clinicapolar.es\/es\/wp-json\/wp\/v2\/product_tag?post=1521"}],"curies":[{"name":"wp","href":"https:\/\/api.w.org\/{rel}","templated":true}]}}