{"id":1645,"date":"2024-06-25T12:48:18","date_gmt":"2024-06-25T11:48:18","guid":{"rendered":"https:\/\/www.clinicapolar.es\/product\/microneedling-renueva-tu-piel\/"},"modified":"2025-01-16T14:01:25","modified_gmt":"2025-01-16T14:01:25","slug":"microneedling-renueva-tu-piel","status":"publish","type":"product","link":"https:\/\/www.clinicapolar.es\/es\/producto\/microneedling-renueva-tu-piel\/","title":{"rendered":"Microneedling M\u00e9dico"},"content":{"rendered":"\r\n<h2 class=\"wp-block-heading\">\u00bfQu\u00e9 es el Microneedling y c\u00f3mo funciona?<\/h2>\r\n<p>Microneedling is an aesthetic treatment that involves the use of tiny needles to stimulate the production of collagen and elastin in the skin. This cellular regeneration process helps improve the appearance of wrinkles, scars, spots, and other skin issues. Learn how Microneedling can provide surprising results in a short amount of time.<\/p>\r\n<h2>Beneficios y ventajas del tratamiento<\/h2>\r\n<p>Microneedling offers multiple benefits for skin health and beauty. These include the reduction of wrinkles and fine lines, improvement in skin texture and tone, reduction of acne scars, and a more youthful and radiant appearance. Discover how this innovative treatment can change your life.<\/p>\r\n<h2>Proceso y seguridad del Microneedling<\/h2>\r\n<p>Our specialized aesthetic doctors ensure a safe and effective Microneedling treatment. Learn about the step-by-step process, the precautions to take, and how to ensure a quick and successful recovery after the session.<\/p>\r\n","protected":false},"excerpt":{"rendered":"<p>Descubre el Microneedling, un tratamiento est\u00e9tico de \u00faltima generaci\u00f3n en nuestra cl\u00ednica especializada. Mejora la apariencia de arrugas, cicatrices y manchas, estimulando la producci\u00f3n de col\u00e1geno y elastina. Nuestros m\u00e9dicos expertos garantizan un proceso seguro y eficaz. \u00a1No esperes m\u00e1s y luce una piel radiante y rejuvenecida!<\/p>\n","protected":false},"featured_media":1677,"comment_status":"open","ping_status":"closed","template":"","meta":[],"product_brand":[],"product_cat":[97],"product_tag":[],"class_list":{"0":"post-1645","1":"product","2":"type-product","3":"status-publish","4":"has-post-thumbnail","6":"product_cat-medicina-estetica","8":"first","9":"instock","10":"virtual","11":"purchasable","12":"product-type-simple"},"_links":{"self":[{"href":"https:\/\/www.clinicapolar.es\/es\/wp-json\/wp\/v2\/product\/1645","targetHints":{"allow":["GET"]}}],"collection":[{"href":"https:\/\/www.clinicapolar.es\/es\/wp-json\/wp\/v2\/product"}],"about":[{"href":"https:\/\/www.clinicapolar.es\/es\/wp-json\/wp\/v2\/types\/product"}],"replies":[{"embeddable":true,"href":"https:\/\/www.clinicapolar.es\/es\/wp-json\/wp\/v2\/comments?post=1645"}],"wp:featuredmedia":[{"embeddable":true,"href":"https:\/\/www.clinicapolar.es\/es\/wp-json\/wp\/v2\/media\/1677"}],"wp:attachment":[{"href":"https:\/\/www.clinicapolar.es\/es\/wp-json\/wp\/v2\/media?parent=1645"}],"wp:term":[{"taxonomy":"product_brand","embeddable":true,"href":"https:\/\/www.clinicapolar.es\/es\/wp-json\/wp\/v2\/product_brand?post=1645"},{"taxonomy":"product_cat","embeddable":true,"href":"https:\/\/www.clinicapolar.es\/es\/wp-json\/wp\/v2\/product_cat?post=1645"},{"taxonomy":"product_tag","embeddable":true,"href":"https:\/\/www.clinicapolar.es\/es\/wp-json\/wp\/v2\/product_tag?post=1645"}],"curies":[{"name":"wp","href":"https:\/\/api.w.org\/{rel}","templated":true}]}}