{"id":1657,"date":"2024-06-25T12:48:17","date_gmt":"2024-06-25T11:48:17","guid":{"rendered":"https:\/\/www.clinicapolar.es\/product\/aumento-de-labios-con-acido-hialuronico\/"},"modified":"2025-01-16T13:30:09","modified_gmt":"2025-01-16T13:30:09","slug":"aumento-de-labios-con-acido-hialuronico","status":"publish","type":"product","link":"https:\/\/www.clinicapolar.es\/es\/producto\/aumento-de-labios-con-acido-hialuronico\/","title":{"rendered":"Aumento de labios con \u00e1cido hialur\u00f3nico"},"content":{"rendered":"\r\n<p>Precio por vial<\/p>\r\n<h2 class=\"wp-block-heading\">Labios m\u00e1s llenos y sensuales<\/h2>\r\n<p>With our lip augmentation using hyaluronic acid, you can achieve a fuller and more sensual look for your lips. Hyaluronic acid is a natural substance found in the human body, making it highly effective for increasing lip volume. Our product is safe and designed to provide natural-looking results that will make you feel more confident and attractive. Say goodbye to thin or poorly defined lips and get the lips of your dreams!<\/p>\r\n<h2>Sin dolor y con resultados inmediatos<\/h2>\r\n<p>If you\u2019re looking for a lip augmentation option that doesn\u2019t involve pain or downtime, our product is perfect for you. Unlike other lip enhancement options, our treatment is quick and easy to apply without the need for surgery. Moreover, you will notice the results immediately after the procedure. It\u2019s the perfect solution for those who want fuller lips without undergoing a painful process!<\/p>\r\n<h2>Mejora tu autoestima y confianza<\/h2>\r\n<p>Having fuller and more sensual lips can significantly impact your self-esteem and confidence. With our hyaluronic acid lip augmentation, you can feel more confident and enhance your personal image. Our product is designed to provide natural-looking results that will make you feel like the best version of yourself. Boost your self-esteem and confidence with our hyaluronic acid lip augmentation!<\/p>\r\n","protected":false},"excerpt":{"rendered":"<p>\u00a1Obt\u00e9n los labios que siempre has querido con nuestro aumento de labios con \u00e1cido hialur\u00f3nico! Nuestro proceso no invasivo te brinda resultados inmediatos y sin dolor, \u00a1lo que significa que puedes lucir unos labios m\u00e1s llenos y sensuales en poco tiempo! Adem\u00e1s, nuestro producto mejora tu autoestima y confianza, para que puedas sentirte seguro de ti mismo y con la mejor versi\u00f3n de ti. \u00a1Prueba nuestro aumento de labios con \u00e1cido hialur\u00f3nico hoy mismo!<\/p>\n","protected":false},"featured_media":1677,"comment_status":"open","ping_status":"closed","template":"","meta":[],"product_brand":[],"product_cat":[97],"product_tag":[],"class_list":{"0":"post-1657","1":"product","2":"type-product","3":"status-publish","4":"has-post-thumbnail","6":"product_cat-medicina-estetica","8":"first","9":"instock","10":"virtual","11":"purchasable","12":"product-type-simple"},"_links":{"self":[{"href":"https:\/\/www.clinicapolar.es\/es\/wp-json\/wp\/v2\/product\/1657","targetHints":{"allow":["GET"]}}],"collection":[{"href":"https:\/\/www.clinicapolar.es\/es\/wp-json\/wp\/v2\/product"}],"about":[{"href":"https:\/\/www.clinicapolar.es\/es\/wp-json\/wp\/v2\/types\/product"}],"replies":[{"embeddable":true,"href":"https:\/\/www.clinicapolar.es\/es\/wp-json\/wp\/v2\/comments?post=1657"}],"wp:featuredmedia":[{"embeddable":true,"href":"https:\/\/www.clinicapolar.es\/es\/wp-json\/wp\/v2\/media\/1677"}],"wp:attachment":[{"href":"https:\/\/www.clinicapolar.es\/es\/wp-json\/wp\/v2\/media?parent=1657"}],"wp:term":[{"taxonomy":"product_brand","embeddable":true,"href":"https:\/\/www.clinicapolar.es\/es\/wp-json\/wp\/v2\/product_brand?post=1657"},{"taxonomy":"product_cat","embeddable":true,"href":"https:\/\/www.clinicapolar.es\/es\/wp-json\/wp\/v2\/product_cat?post=1657"},{"taxonomy":"product_tag","embeddable":true,"href":"https:\/\/www.clinicapolar.es\/es\/wp-json\/wp\/v2\/product_tag?post=1657"}],"curies":[{"name":"wp","href":"https:\/\/api.w.org\/{rel}","templated":true}]}}