{"id":1659,"date":"2024-06-25T12:48:17","date_gmt":"2024-06-25T11:48:17","guid":{"rendered":"https:\/\/www.clinicapolar.es\/product\/hidratacion-facial-profunda-con-vitamina-c-y-luz-led\/"},"modified":"2024-08-06T13:22:51","modified_gmt":"2024-08-06T12:22:51","slug":"hidratacion-facial-profunda-con-vitamina-c-y-luz-led","status":"publish","type":"product","link":"https:\/\/www.clinicapolar.es\/es\/producto\/hidratacion-facial-profunda-con-vitamina-c-y-luz-led\/","title":{"rendered":"Hidrataci\u00f3n facial profunda con Vitamina C y Luz Led"},"content":{"rendered":"&#13;\n<p>Presentamos el revolucionario tratamiento antienvejecimiento que transformar\u00e1 su piel de forma espectacular. Con nuestro innovador tratamiento, no solo combatir\u00e1 el envejecimiento prematuro, sino que tambi\u00e9n estimular\u00e1 la regeneraci\u00f3n de la piel, aportando luminosidad e hidrataci\u00f3n. <\/p>&#13;\n<h2>Prevention of Free Radical Formation<\/h2>&#13;\n<p>Gracias a su f\u00f3rmula \u00fanica, este tratamiento previene la formaci\u00f3n de radicales libres, responsables del envejecimiento cut\u00e1neo. Al mismo tiempo, estimula la producci\u00f3n de col\u00e1geno, garantizando mayor firmeza en el rostro, cuello y escote. Su piel lucir\u00e1 radiante y saludable, como nunca antes.  <\/p>&#13;\n<p>Adem\u00e1s, este potente producto energiza e ilumina su piel desde el primer uso. Descubra c\u00f3mo la s\u00edntesis de col\u00e1geno se ve impulsada, otorg\u00e1ndole una piel m\u00e1s firme, suave y juvenil. Pero eso no es todo.  <\/p>&#13;\n<h2>Combined with Advanced LED Light Technology<\/h2>&#13;\n<p>Este tratamiento incorpora la avanzada tecnolog\u00eda de luz LED, que multiplica sus efectos beneficiosos. La piel tiene la incre\u00edble capacidad de absorber la luz y utilizarla como fuente de energ\u00eda, estimulando as\u00ed la regeneraci\u00f3n celular. Con la combinaci\u00f3n de este tratamiento y la luz LED, su piel experimentar\u00e1 una revitalizaci\u00f3n sin precedentes.  <\/p>&#13;\n<h2>Don\u2019t Let Time Dull Your Natural Beauty<\/h2>&#13;\n<p>Con nuestro revolucionario tratamiento antienvejecimiento, lucir\u00e1 una piel radiante, firme e hidratada en todo momento. No permita que las arrugas y la falta de firmeza le roben su confianza. <\/p>&#13;\n<p>Invierta en su piel y en su bienestar. \u00a1No espere m\u00e1s! Aproveche esta oportunidad \u00fanica y descubra los sorprendentes beneficios de este tratamiento. Transforme su vida y la de su piel con este innovador tratamiento. \u00a1Act\u00fae ahora y descubra una piel m\u00e1s joven y radiante hoy mismo!    <\/p>&#13;\n","protected":false},"excerpt":{"rendered":"<p>&#13; Presentamos el revolucionario tratamiento antienvejecimiento que transformar\u00e1 su piel de forma espectacular. Con nuestro innovador tratamiento, no solo combatir\u00e1 el envejecimiento prematuro, sino que tambi\u00e9n estimular\u00e1 la regeneraci\u00f3n de la piel, aportando luminosidad e hidrataci\u00f3n. &#13; Prevention of Free Radical Formation &#13; Gracias a su f\u00f3rmula \u00fanica, este tratamiento previene la formaci\u00f3n de radicales [&hellip;]<\/p>\n","protected":false},"featured_media":1415,"comment_status":"closed","ping_status":"closed","template":"","meta":[],"product_brand":[],"product_cat":[],"product_tag":[],"class_list":{"0":"post-1659","1":"product","2":"type-product","3":"status-publish","4":"has-post-thumbnail","7":"first","8":"instock","9":"shipping-taxable","10":"purchasable","11":"product-type-simple"},"_links":{"self":[{"href":"https:\/\/www.clinicapolar.es\/es\/wp-json\/wp\/v2\/product\/1659","targetHints":{"allow":["GET"]}}],"collection":[{"href":"https:\/\/www.clinicapolar.es\/es\/wp-json\/wp\/v2\/product"}],"about":[{"href":"https:\/\/www.clinicapolar.es\/es\/wp-json\/wp\/v2\/types\/product"}],"replies":[{"embeddable":true,"href":"https:\/\/www.clinicapolar.es\/es\/wp-json\/wp\/v2\/comments?post=1659"}],"wp:featuredmedia":[{"embeddable":true,"href":"https:\/\/www.clinicapolar.es\/es\/wp-json\/wp\/v2\/media\/1415"}],"wp:attachment":[{"href":"https:\/\/www.clinicapolar.es\/es\/wp-json\/wp\/v2\/media?parent=1659"}],"wp:term":[{"taxonomy":"product_brand","embeddable":true,"href":"https:\/\/www.clinicapolar.es\/es\/wp-json\/wp\/v2\/product_brand?post=1659"},{"taxonomy":"product_cat","embeddable":true,"href":"https:\/\/www.clinicapolar.es\/es\/wp-json\/wp\/v2\/product_cat?post=1659"},{"taxonomy":"product_tag","embeddable":true,"href":"https:\/\/www.clinicapolar.es\/es\/wp-json\/wp\/v2\/product_tag?post=1659"}],"curies":[{"name":"wp","href":"https:\/\/api.w.org\/{rel}","templated":true}]}}